{"id":11,"date":"2025-11-18T20:47:28","date_gmt":"2025-11-18T20:47:28","guid":{"rendered":"https:\/\/dzcg.me\/?page_id=11"},"modified":"2025-11-29T07:06:42","modified_gmt":"2025-11-29T07:06:42","slug":"homepage","status":"publish","type":"page","link":"https:\/\/www.dzcg.me\/","title":{"rendered":"Homepage"},"content":{"rendered":"\n<div class=\"wp-block-cover alignfull\" style=\"min-height:100vh;aspect-ratio:unset;\"><span aria-hidden=\"true\" class=\"wp-block-cover__background has-background-dim-20 has-background-dim\" style=\"background-color:#746c6c\"><\/span><img loading=\"lazy\" decoding=\"async\" width=\"1441\" height=\"808\" src=\"https:\/\/www.dzcg.me\/wp-content\/uploads\/2025\/11\/welding001.png\" class=\"wp-block-cover__image-background wp-post-image\" alt=\"\" data-object-fit=\"cover\" data-object-position=\"51% 51%\" style=\"object-position:51% 51%;\" srcset=\"https:\/\/www.dzcg.me\/wp-content\/uploads\/2025\/11\/welding001.png 1441w, https:\/\/www.dzcg.me\/wp-content\/uploads\/2025\/11\/welding001-300x168.png 300w, https:\/\/www.dzcg.me\/wp-content\/uploads\/2025\/11\/welding001-1024x574.png 1024w\" sizes=\"auto, 100vw\" \/><div class=\"wp-block-cover__inner-container has-global-padding is-layout-constrained wp-block-cover-is-layout-constrained\">\n<figure class=\"wp-block-table\"><table style=\"border-style:none;border-width:0px\"><tbody><tr><td><img loading=\"lazy\" decoding=\"async\" width=\"150\" height=\"75\" class=\"wp-image-265\" style=\"width: 150px;\" src=\"http:\/\/www.dzcg.me\/wp-content\/uploads\/2025\/11\/banner_reklama.png\" alt=\"\" srcset=\"https:\/\/www.dzcg.me\/wp-content\/uploads\/2025\/11\/banner_reklama.png 500w, https:\/\/www.dzcg.me\/wp-content\/uploads\/2025\/11\/banner_reklama-300x150.png 300w\" sizes=\"auto, (max-width: 150px) 100vw, 150px\" \/><\/td><td><img loading=\"lazy\" decoding=\"async\" width=\"150\" height=\"75\" class=\"wp-image-265\" style=\"width: 150px;\" src=\"http:\/\/www.dzcg.me\/wp-content\/uploads\/2025\/11\/banner_reklama.png\" alt=\"\" srcset=\"https:\/\/www.dzcg.me\/wp-content\/uploads\/2025\/11\/banner_reklama.png 500w, https:\/\/www.dzcg.me\/wp-content\/uploads\/2025\/11\/banner_reklama-300x150.png 300w\" sizes=\"auto, (max-width: 150px) 100vw, 150px\" \/><\/td><td><img loading=\"lazy\" decoding=\"async\" width=\"150\" height=\"75\" class=\"wp-image-265\" style=\"width: 150px;\" src=\"http:\/\/www.dzcg.me\/wp-content\/uploads\/2025\/11\/banner_reklama.png\" alt=\"\" srcset=\"https:\/\/www.dzcg.me\/wp-content\/uploads\/2025\/11\/banner_reklama.png 500w, https:\/\/www.dzcg.me\/wp-content\/uploads\/2025\/11\/banner_reklama-300x150.png 300w\" sizes=\"auto, (max-width: 150px) 100vw, 150px\" \/><\/td><\/tr><\/tbody><\/table><\/figure>\n\n\n\n<figure class=\"wp-block-image alignleft size-medium has-custom-border\"><a href=\"https:\/\/www.dzcg.me\/index.php\/2025\/11\/28\/prvi-poziv-za-medunarodnu-konferenciju\/\"><img loading=\"lazy\" decoding=\"async\" width=\"238\" height=\"300\" src=\"https:\/\/www.dzcg.me\/wp-content\/uploads\/2025\/11\/I-poziv-Konferencija-2026-238x300.png\" alt=\"1. Konferencija sa me\u0111unarodnim u\u010de\u0161\u0107em.\" class=\"wp-image-259\" style=\"border-width:2px;border-radius:15px\" srcset=\"https:\/\/www.dzcg.me\/wp-content\/uploads\/2025\/11\/I-poziv-Konferencija-2026-238x300.png 238w, https:\/\/www.dzcg.me\/wp-content\/uploads\/2025\/11\/I-poziv-Konferencija-2026.png 604w\" sizes=\"auto, (max-width: 238px) 100vw, 238px\" \/><\/a><\/figure>\n\n\n\n<p class=\"has-text-align-center has-white-color has-text-color has-max-60-font-size\" style=\"font-style:normal;font-weight:900;line-height:1.2\"><strong>Istorija i vizija&#8230;<\/strong><\/p>\n\n\n\n<p class=\"has-text-align-center has-white-color has-text-color has-medium-font-size\">Dru\u0161tvo za zavarivanje Crne Gore od 1955 do budu\u0107nosti!<\/p>\n\n\n\n<div style=\"height:55px\" aria-hidden=\"true\" class=\"wp-block-spacer\"><\/div>\n\n\n\n<div class=\"wp-block-buttons is-content-justification-center is-layout-flex wp-container-core-buttons-is-layout-a89b3969 wp-block-buttons-is-layout-flex\">\n<div class=\"wp-block-button is-style-outline is-style-outline--1\"><a class=\"wp-block-button__link has-white-color has-text-color wp-element-button\" href=\"https:\/\/www.dzcg.me\/index.php\/about\/\" style=\"border-radius:0px\">Pro\u010ditaj vi\u0161e&#8230;<\/a><\/div>\n<\/div>\n<\/div><\/div>\n\n\n\n<div id=\"team\" class=\"wp-block-group has-global-padding is-layout-constrained wp-block-group-is-layout-constrained\">\n<div class=\"wp-block-group is-layout-flow wp-block-group-is-layout-flow\">\n<div style=\"height:0px\" aria-hidden=\"true\" class=\"wp-block-spacer\"><\/div>\n<\/div>\n<\/div>\n\n\n\n<p><\/p>\n","protected":false},"excerpt":{"rendered":"","protected":false},"author":1,"featured_media":98,"parent":0,"menu_order":0,"comment_status":"closed","ping_status":"closed","template":"page-templates\/no-title.php","meta":{"footnotes":""},"class_list":["post-11","page","type-page","status-publish","has-post-thumbnail","hentry"],"_links":{"self":[{"href":"https:\/\/www.dzcg.me\/index.php\/wp-json\/wp\/v2\/pages\/11","targetHints":{"allow":["GET"]}}],"collection":[{"href":"https:\/\/www.dzcg.me\/index.php\/wp-json\/wp\/v2\/pages"}],"about":[{"href":"https:\/\/www.dzcg.me\/index.php\/wp-json\/wp\/v2\/types\/page"}],"author":[{"embeddable":true,"href":"https:\/\/www.dzcg.me\/index.php\/wp-json\/wp\/v2\/users\/1"}],"replies":[{"embeddable":true,"href":"https:\/\/www.dzcg.me\/index.php\/wp-json\/wp\/v2\/comments?post=11"}],"version-history":[{"count":25,"href":"https:\/\/www.dzcg.me\/index.php\/wp-json\/wp\/v2\/pages\/11\/revisions"}],"predecessor-version":[{"id":311,"href":"https:\/\/www.dzcg.me\/index.php\/wp-json\/wp\/v2\/pages\/11\/revisions\/311"}],"wp:featuredmedia":[{"embeddable":true,"href":"https:\/\/www.dzcg.me\/index.php\/wp-json\/wp\/v2\/media\/98"}],"wp:attachment":[{"href":"https:\/\/www.dzcg.me\/index.php\/wp-json\/wp\/v2\/media?parent=11"}],"curies":[{"name":"wp","href":"https:\/\/api.w.org\/{rel}","templated":true}]}}