{"id":140,"date":"2025-11-23T17:44:26","date_gmt":"2025-11-23T17:44:26","guid":{"rendered":"https:\/\/www.dzcg.me\/?page_id=140"},"modified":"2025-11-23T18:51:31","modified_gmt":"2025-11-23T18:51:31","slug":"standardi","status":"publish","type":"page","link":"https:\/\/www.dzcg.me\/index.php\/standardi\/","title":{"rendered":"Standardi"},"content":{"rendered":"\n<p>Izbor korisnih standarda u oblasti tehnike zavarivanja<\/p>\n\n\n\n<p><a href=\"https:\/\/isme.me\/sr_ME\/project\/show\/isme:proj:24418\"><\/a><\/p>\n\n\n\n<p>EN 287-1<br>Qualification test of welders<\/strong><\/p>\n\n\n\n<p>EN 875:1995<br>Destructive tests on welds in metallic materials &#8211; Impact tests &#8211; Test specimen location, notch orientation and examination<\/p>\n\n\n\n<p>EN 876:1995<br>Destructive tests on welds in metallic materials &#8211; Longitudinal tensile test on weld metal in fusion welded joints<\/p>\n\n\n\n<p>EN 895:1995<br>Destructive tests on welds in metallic materials &#8211; Transverse tensile test<\/p>\n\n\n\n<p>EN 910:1996<br>Destructive tests on welds in metallic materials &#8211; Bend tests<\/p>\n\n\n\n<p>EN 1043-1:1995<br>Destructive tests on welds in metallic materials. Hardness testing &#8211; Part 1: Hardness test on arc welded<br>joints<\/p>\n\n\n\n<p>EN 1321:1996<br>Destructive tests on welds in metallic materials &#8211; Macroscopic and microscopic examination of welds<\/p>\n\n\n\n<p>EN 1418<br>Welding personnel &#8211; Approval testing of welding operators for fusion welding and resistance weld setters for<br>fully mechanized and automatic welding of metallic materials<\/p>\n\n\n\n<p>MEST EN 1011-1:2010<br>Zavarivanje &#8211; Preporuke za zavarivanje metalnih materijala &#8211; Dio 1: Op\u0161te uputstvo za elektrolu\u010dno zavarivanje<\/p>\n\n\n\n<p>MEST EN 1011-2:2010<br>Zavarivanje &#8211; Preporuke za zavarivanje metalnih materijala &#8211; Dio 2: Elektrolu\u010dno zavarivanje feritnih \u010delika<\/p>\n\n\n\n<p>MEST EN 1011-3:2020<br>Zavarivanje &#8211; Preporuke za zavarivanje metalnih materijala &#8211; Dio 3: Elektrolu\u010dno zavarivanje ner\u0111aju\u0107ih \u010delika<\/p>\n\n\n\n<p>MEST EN 1011-4:2017<br>Zavarivanje &#8211; Preporuke za zavarivanje metalnih materijala &#8211; Dio 4: Elektrolu\u010dno zavarivanje aluminijuma i legura aluminijuma<\/p>\n\n\n\n<p>MEST EN 1011-5:2020<br>Zavarivanje &#8211; Preporuke za zavarivanje metalnih materijala &#8211; Dio 5: Zavarivanje platiranih \u010delika<\/p>\n\n\n\n<p>MEST EN 1011-6:2020<br>Zavarivanje &#8211; Preporuke za zavarivanje metalnih materijala &#8211; Dio 6: Zavarivanje laserom<\/p>\n\n\n\n<p>MEST EN 1011-7:2017<br>Zavarivanje &#8211; Preporuke za zavarivanje metalnih materijala &#8211; Dio 7: Zavarivanje elektronskim snopom<\/p>\n\n\n\n<p>MEST EN 1011-8:2019<br>Zavarivanje &#8211; Preporuke za zavarivanje metalnih materijala &#8211; Dio 8: Zavarivanje livenog gvo\u017e\u0111a<\/p>\n\n\n\n<p>MEST EN 1708-1:2020<br>Zavarivanje &#8211; Osnovni detalji zavarenih \u010deli\u010dnih spojeva &#8211; Dio 1: Komponente pod pritiskom<\/p>\n\n\n\n<p>MEST EN 1708-2:2020<br>Zavarivanje &#8211; Osnovni detalji zavarenih \u010deli\u010dnih spojeva &#8211; Dio 2: Komponente bez unutra\u0161njeg pritiska<\/p>\n\n\n\n<p>MEST EN 1708-3:2020<br>Zavarivanje &#8211; Osnovni detalji zavarenih \u010deli\u010dnih spojeva &#8211; Dio 3: Komponente pod pritiskom sa plakaturom, puferom i sa prevlakom (trakama)<\/p>\n\n\n\n<p>MEST EN 10025-1:2008<br>Toplo valjani proizvodi od konstrukcionih \u010delika &#8211; Dio 1: Op\u0161ti tehni\u010dki uslovi isporuke<\/p>\n\n\n\n<p>MEST EN 10025-2:2020<br>Toplo valjani proizvodi od konstrukcionih \u010delika &#8211; Dio 2: Tehni\u010dki uslovi isporuke za nelegirane konstrukcione \u010delike<\/p>\n\n\n\n<p>MEST EN 10025-3:2020<br>Toplo valjani proizvodi od konstrukcionih \u010delika &#8211; Dio 3: Tehni\u010dki uslovi isporuke za normalizovane \/normalizovano valjane zavarljive sitnozrne konstrukcione \u010delike<\/p>\n\n\n\n<p>MEST EN 10025-4:2020\/A1:2024<br>Toplo valjani proizvodi od konstrukcionih \u010delika &#8211; Dio 4: Tehni\u010dki uslovi isporuke za termomehani\u010dki valjane zavarljive sitnozrne konstrukcione \u010delike<\/p>\n\n\n\n<p>MEST EN 10025-5:2020<br>Toplo valjani proizvodi od konstrukcionih \u010delika &#8211; Dio 5: Tehni\u010dki uslovi isporuke za konstrukcione \u010delike sa pove\u0107anom otporno\u0161\u0107u na dejstvo atmosferske korozije<\/p>\n\n\n\n<p>MEST EN 10025-6:2020\/A1:2024<br>Toplo valjani proizvodi od konstrukcionih \u010delika &#8211; Dio 6: Tehni\u010dki uslovi isporuke za pljosnate proizvode od konstrukcionih \u010delika visoke \u010dvrsto\u0107e istezanja u kaljenom i otpu\u0161tenom stanju<\/p>\n\n\n\n<p>MEST EN 10028-1:2018<br>Pljosnati proizvodi od \u010delika za opremu pod pritiskom &#8211; Dio 1: Op\u0161ti zahtjevi<\/p>\n\n\n\n<p>MEST EN 10028-2:2018<br>Pljosnati proizvodi od \u010delika za opremu pod pritiskom &#8211; Dio 2: Nelegirani i legirani \u010delici sa osobinama utvr\u0111enim za povi\u0161ene temperature<\/p>\n\n\n\n<p>MEST EN 10028-3:2018<br>Pljosnati proizvodi od \u010delika za opremu pod pritiskom &#8211; Dio 3: Zavarljivi finozrni konstrukcioni \u010delici, normalizovani<\/p>\n\n\n\n<p>MEST EN 10028-4:2018<br>Pljosnati proizvodi od \u010delika za opremu pod pritiskom &#8211; Dio 4: \u010celici legirani niklom sa osobinama utvr\u0111enim za niske temperature<\/p>\n\n\n\n<p>MEST EN 10028-5:2018<br>Pljosnati proizvodi od \u010delika za opremu pod pritiskom &#8211; Dio 5: Zavarljivi finozrni \u010delici, termomehani\u010dki valjani<\/p>\n\n\n\n<p>MEST EN 10028-6:2018<br>Pljosnati proizvodi od \u010delika za opremu pod pritiskom &#8211; Dio 6: Zavarljivi finozrni \u010delici, kaljeni i opu\u0161teni<\/p>\n\n\n\n<p>MEST EN 10028-7:2018<br>Pljosnati proizvodi od \u010delika za opremu pod pritiskom &#8211; Dio 7: Ner\u0111aju\u0107i \u010delici<\/p>\n\n\n\n<p>MEST EN 10216-1:2016<br>Be\u0161avne \u010deli\u010dne cijevi za rad pod pritiskom &#8211; Tehni\u010dki uslovi isporuke &#8211; Dio 1: Nelegirane \u010deli\u010dne cijevi sa utvr\u0111enim svojstvima na sobnoj temperaturi<\/p>\n\n\n\n<p>MEST EN 10216-2:2021<br>Be\u0161avne \u010deli\u010dne cijevi za rad pod pritiskom &#8211; Tehni\u010dki uslovi isporuke &#8211; Dio 2: Nelegirane i legirane \u010deli\u010dne cijevi sa utvr\u0111enim svojstvima na povi\u0161enoj temperaturi<\/p>\n\n\n\n<p>MEST EN 10216-3:2016<br>Be\u0161avne \u010deli\u010dne cijevi za rad pod pritiskom &#8211; Tehni\u010dki uslovi isporuke &#8211; Dio 3: Cijevi od legiranog sitnozrnog \u010delika<\/p>\n\n\n\n<p>MEST EN 10216-4:2016<br>Be\u0161avne \u010deli\u010dne cijevi za rad pod pritiskom &#8211; Tehni\u010dki uslovi isporuke &#8211; Dio 4: Nelegirane i legirane \u010deli\u010dne cijevi sa utvr\u0111enim svojstvima na sni\u017eenoj temperaturi<\/p>\n\n\n\n<p>MEST EN 10216-5:2023<br>Be\u0161avne \u010deli\u010dne cijevi za rad pod pritiskom &#8211; Tehni\u010dki uslovi isporuke &#8211; Dio 5: Cijevi od ner\u0111aju\u0107eg \u010delika<\/p>\n\n\n\n<p>rnMEST EN 10216-2:2026<br>Be\u0161avne \u010deli\u010dne cijevi za rad pod pritiskom &#8211; Tehni\u010dki uslovi isporuke &#8211; Dio 2: Nelegirane i legirane \u010deli\u010dne cijevi sa utvr\u0111enim svojstvima na povi\u0161enoj temperaturi<\/p>\n\n\n\n<p>MEST EN 10217-1:2020<br>\u0160avne \u010deli\u010dne cijevi za rad pod pritiskom &#8211; Tehni\u010dki uslovi isporuke &#8211; Dio 1: Cijevi od nelegiranog \u010delika zavarene postupkom elektrozavarivanja i elektrolu\u010dnog zavarivanja pod za\u0161titnim slojem, sa osobinama utvr\u0111enim za sobnu temperaturu<\/p>\n\n\n\n<p>MEST EN 10217-2:2020<br>\u0160avne \u010deli\u010dne cijevi za rad pod pritiskom &#8211; Tehni\u010dki uslovi isporuke &#8211; Dio 2: Elektrolu\u010dno zavarene nelegirane i legirane \u010deli\u010dne cijevi sa utvr\u0111enim svojstvima na povi\u0161enoj temperaturi<\/p>\n\n\n\n<p>MEST EN 10217-3:2020<br>\u0160avne \u010deli\u010dne cijevi za rad pod pritiskom &#8211; Tehni\u010dki uslovi isporuke &#8211; Dio 3: Cijevi od legiranog finozrnog \u010delika zavarene postupkom elektrozavarivanja i elektrolu\u010dnog zavarivanja pod za\u0161titnim slojem, sa osobinama utvr\u0111enim za sobnu, povi\u0161enu i nisku temperaturu<\/p>\n\n\n\n<p>MEST EN 10217-4:2020<br>\u0160avne \u010deli\u010dne cijevi za rad pod pritiskom &#8211; Tehni\u010dki uslovi isporuke &#8211; Dio 4: Elektrolu\u010dno zavarene nelegirane \u010deli\u010dne cijevi sa utvr\u0111enim svojstvima na sni\u017eenoj temperaturi<\/p>\n\n\n\n<p>MEST EN 10217-5:2020<br>\u0160avne \u010deli\u010dne cijevi za rad pod pritiskom &#8211; Tehni\u010dki uslovi isporuke &#8211; Dio 5: Nelegirane i legirane \u010deli\u010dne cijevi sa \u0161avom zavarenim pod za\u0161titnim slojem sa utvr\u0111enim svojstvima na povi\u0161enoj temperaturi<\/p>\n\n\n\n<p>MEST EN 10217-6:2020<br>\u0160avne \u010deli\u010dne cijevi za rad pod pritiskom &#8211; Tehni\u010dki uslovi isporuke &#8211; Dio 6: Nelegirane \u010deli\u010dne cijevi sa \u0161avom zavarenim pod za\u0161titnim slojem sa utvr\u0111enim svojstvima na sni\u017eenoj temperaturi<\/p>\n\n\n\n<p>MEST EN 10217-7:2023<br>\u0160avne \u010deli\u010dne cijevi za rad pod pritiskom &#8211; Tehni\u010dki uslovi isporuke &#8211; Dio 7: Cijevi od ner\u0111aju\u0107eg \u010delika<\/p>\n\n\n\n<p>MEST EN ISO 10042:2020<br>Zavarivanje \u2013 Elektrolu\u010dno zavarivanje aluminijuma i njegovih legura &#8211; Nivoi kvaliteta nepravilnosti<\/p>\n\n\n\n<p>MEST EN ISO 10225:2023<br>Oprema za gasno zavarivanje \u2013 Obilje\u017eavanje opreme koja se koristi prilikom gasnog zavarivanja, rezanja i srodnih postupaka<\/p>\n\n\n\n<p>MEST EN ISO 10447:2024<br>Elektrootporno zavarivanje \u2013 Ispitivanje zavarenih spojeva \u2013 Ispitivanje lju\u0161tenjem i rezanjem dletom ta\u010dkasto i bradavi\u010dasto zavarenih spojeva<\/p>\n\n\n\n<p>MEST EN ISO 10656:2023<br>Oprema za elektrootporno zavarivanje \u2013 Transformatori \u2013 Pi\u0161tolji za zavarivanje sa ugra\u0111enim transformatorima<\/p>\n\n\n\n<p>MEST EN ISO 1071:2017<br>Potro\u0161ni materijali za zavarivanje \u2013 Oblo\u017eene elektrode, \u017eice, \u0161ipke i punjene \u017eice za zavarivanje topljenjem sivog liva \u2013 Klasifikacija<\/p>\n\n\n\n<p>MEST EN ISO 1089:2024<br>Oprema za elektrotporno zavarivanje &#8211; Konusne elektrode za ta\u010dkasto zavarivanje &#8211; Mjere<\/p>\n\n\n\n<p>MEST EN ISO 11970:2019<br>Specifikacija i odobravanje postupaka zavarivanja za proizvodno zavarivanje \u010deli\u010dnih odlivaka<\/p>\n\n\n\n<p>MEST EN 12074:2010<br>Potro\u0161ni materijali &#8211; Zahtjevi za kvalitet pri proizvodnji, isporuci i distribuciji potro\u0161nih materijala za zavarivanje i srodne postupke<\/p>\n\n\n\n<p>MEST EN ISO 12153:2024<br>Potro\u0161ni materijali za zavarivanje &#8211; Punjene elektrodne \u017eice za zavarivanje nikla i legura nikla pod za\u0161titom gasa i bez nje &#8211; Klasifikacija<\/p>\n\n\n\n<p>MEST EN 1256:2018<br>Oprema za gasno zavarivanje \u2014 Specifikacija za spajanje crijeva za zavarivanje, rezanje i srodne postupke<\/p>\n\n\n\n<p>MEST EN ISO 12932:2018<br>Zavarivanje &#8211; Hibridno zavarivanje \u010delika, nikla i legura nikla laserom i elektri\u010dnim lukom &#8211; Nivoi kvaliteta nepravilnosti<\/p>\n\n\n\n<p>MEST CEN\/TS 13259:2024<br>Oprema za gasno zavarivanje &#8211; Industrijski ru\u010dni i ma\u0161inski gorionici za grijanje i lemljenje plamenom i srodne postupke<\/p>\n\n\n\n<p>MEST EN 13479:2018<br>Potro\u0161ni materijali za zavarivanje &#8211; Op\u0161ti standard za dodatne materijale i prahove za zavarivanje topljenjem metalnih materijala<\/p>\n\n\n\n<p><\/p>\n","protected":false},"excerpt":{"rendered":"<p>Izbor korisnih standarda u oblasti tehnike zavarivanja EN 287-1Qualification test of welders EN 875:1995Destructive tests on welds in metallic materials &#8211; Impact tests &#8211; Test specimen location, notch orientation and examination EN 876:1995Destructive tests on welds in metallic materials &#8211; Longitudinal tensile test on weld metal in fusion welded joints EN 895:1995Destructive tests on welds &hellip; <\/p>\n<p class=\"link-more\"><a href=\"https:\/\/www.dzcg.me\/index.php\/standardi\/\" class=\"more-link\">Read more<span class=\"screen-reader-text\"> &#8220;Standardi&#8221;<\/span><\/a><\/p>\n","protected":false},"author":1,"featured_media":0,"parent":0,"menu_order":0,"comment_status":"closed","ping_status":"closed","template":"","meta":{"footnotes":""},"class_list":["post-140","page","type-page","status-publish","hentry"],"_links":{"self":[{"href":"https:\/\/www.dzcg.me\/index.php\/wp-json\/wp\/v2\/pages\/140","targetHints":{"allow":["GET"]}}],"collection":[{"href":"https:\/\/www.dzcg.me\/index.php\/wp-json\/wp\/v2\/pages"}],"about":[{"href":"https:\/\/www.dzcg.me\/index.php\/wp-json\/wp\/v2\/types\/page"}],"author":[{"embeddable":true,"href":"https:\/\/www.dzcg.me\/index.php\/wp-json\/wp\/v2\/users\/1"}],"replies":[{"embeddable":true,"href":"https:\/\/www.dzcg.me\/index.php\/wp-json\/wp\/v2\/comments?post=140"}],"version-history":[{"count":2,"href":"https:\/\/www.dzcg.me\/index.php\/wp-json\/wp\/v2\/pages\/140\/revisions"}],"predecessor-version":[{"id":161,"href":"https:\/\/www.dzcg.me\/index.php\/wp-json\/wp\/v2\/pages\/140\/revisions\/161"}],"wp:attachment":[{"href":"https:\/\/www.dzcg.me\/index.php\/wp-json\/wp\/v2\/media?parent=140"}],"curies":[{"name":"wp","href":"https:\/\/api.w.org\/{rel}","templated":true}]}}