{"id":153,"date":"2025-11-23T17:54:06","date_gmt":"2025-11-23T17:54:06","guid":{"rendered":"https:\/\/www.dzcg.me\/?page_id=153"},"modified":"2025-11-28T18:00:02","modified_gmt":"2025-11-28T18:00:02","slug":"organizacija-dzcg","status":"publish","type":"page","link":"https:\/\/www.dzcg.me\/index.php\/organizacija-dzcg\/","title":{"rendered":"Organizacija DZCG"},"content":{"rendered":"\n<p class=\"has-text-align-left\"><strong>UPRAVNI ODBOR DZCG<\/strong><\/p>\n\n\n\n<p class=\"has-text-align-left\"><strong>Predsjednik UO<\/strong><\/p>\n\n\n\n<p class=\"has-text-align-left\">prof.dr <a href=\"https:\/\/www.ucg.ac.me\/radnik\/140276-darko-bajic\">Darko <strong>Baji\u0107<\/strong><\/a> \u2013 predsjednik DZCG<\/p>\n\n\n\n<p class=\"has-text-align-left\"><em>\u010clanovi UO<\/em><\/p>\n\n\n\n<p class=\"has-text-align-left\">Darko <strong>\u0160aran\u010di\u0107<\/strong>, dipl.in\u017e.ma\u0161., IWE\/IWC &#8211; Sekretar DZCG<\/p>\n\n\n\n<p class=\"has-text-align-left\">Jovan <strong>Rado\u0161evi\u0107<\/strong>, dipl.in\u017e.ma\u0161., IWE<\/p>\n\n\n\n<p class=\"has-text-align-left\">prof.dr <a href=\"https:\/\/www.ucg.ac.me\/radnik\/140133-nikola-sibalic\">Nikola <strong>\u0160ibali\u0107<\/strong><\/a><\/p>\n\n\n\n<p class=\"has-text-align-left\">Mladen <strong>Mirkovi\u0107<\/strong>, dipl.in\u017e.metal., IWE<\/p>\n\n\n\n<p class=\"has-text-align-left\"><strong>NADZORNI ODBOR DZCG<\/strong><\/p>\n\n\n\n<p class=\"has-text-align-left\">Ljiljana <strong>Drobnjak<\/strong>, dipl.in\u017e.ma\u0161., predsjednica<\/p>\n\n\n\n<p class=\"has-text-align-left\">Senad <strong>Omerovi\u0107<\/strong>, dipl.in\u017e.ma\u0161., \u010dlan<\/p>\n\n\n\n<p class=\"has-text-align-left\">Boris <strong>Kosti\u0107<\/strong>, dipl.in\u017e.ma\u0161., \u010dlan<\/p>\n\n\n\n<p><\/p>\n","protected":false},"excerpt":{"rendered":"<p>UPRAVNI ODBOR DZCG Predsjednik UO prof.dr Darko Baji\u0107 \u2013 predsjednik DZCG \u010clanovi UO Darko \u0160aran\u010di\u0107, dipl.in\u017e.ma\u0161., IWE\/IWC &#8211; Sekretar DZCG Jovan Rado\u0161evi\u0107, dipl.in\u017e.ma\u0161., IWE prof.dr Nikola \u0160ibali\u0107 Mladen Mirkovi\u0107, dipl.in\u017e.metal., IWE NADZORNI ODBOR DZCG Ljiljana Drobnjak, dipl.in\u017e.ma\u0161., predsjednica Senad Omerovi\u0107, dipl.in\u017e.ma\u0161., \u010dlan Boris Kosti\u0107, dipl.in\u017e.ma\u0161., \u010dlan<\/p>\n","protected":false},"author":1,"featured_media":0,"parent":0,"menu_order":0,"comment_status":"closed","ping_status":"closed","template":"","meta":{"footnotes":""},"class_list":["post-153","page","type-page","status-publish","hentry"],"_links":{"self":[{"href":"https:\/\/www.dzcg.me\/index.php\/wp-json\/wp\/v2\/pages\/153","targetHints":{"allow":["GET"]}}],"collection":[{"href":"https:\/\/www.dzcg.me\/index.php\/wp-json\/wp\/v2\/pages"}],"about":[{"href":"https:\/\/www.dzcg.me\/index.php\/wp-json\/wp\/v2\/types\/page"}],"author":[{"embeddable":true,"href":"https:\/\/www.dzcg.me\/index.php\/wp-json\/wp\/v2\/users\/1"}],"replies":[{"embeddable":true,"href":"https:\/\/www.dzcg.me\/index.php\/wp-json\/wp\/v2\/comments?post=153"}],"version-history":[{"count":9,"href":"https:\/\/www.dzcg.me\/index.php\/wp-json\/wp\/v2\/pages\/153\/revisions"}],"predecessor-version":[{"id":255,"href":"https:\/\/www.dzcg.me\/index.php\/wp-json\/wp\/v2\/pages\/153\/revisions\/255"}],"wp:attachment":[{"href":"https:\/\/www.dzcg.me\/index.php\/wp-json\/wp\/v2\/media?parent=153"}],"curies":[{"name":"wp","href":"https:\/\/api.w.org\/{rel}","templated":true}]}}