{"id":194,"date":"2025-11-23T19:48:11","date_gmt":"2025-11-23T19:48:11","guid":{"rendered":"https:\/\/www.dzcg.me\/?page_id=194"},"modified":"2025-11-29T06:59:23","modified_gmt":"2025-11-29T06:59:23","slug":"konferencija-i-radovi","status":"publish","type":"page","link":"https:\/\/www.dzcg.me\/index.php\/konferencija-i-radovi\/","title":{"rendered":"Konferencija i radovi"},"content":{"rendered":"\n<figure class=\"wp-block-image aligncenter size-medium has-custom-border\"><img loading=\"lazy\" decoding=\"async\" width=\"238\" height=\"300\" src=\"https:\/\/www.dzcg.me\/wp-content\/uploads\/2025\/11\/I-poziv-Konferencija-2026-238x300.png\" alt=\"\" class=\"wp-image-259\" style=\"border-width:1px;border-radius:15px\" srcset=\"https:\/\/www.dzcg.me\/wp-content\/uploads\/2025\/11\/I-poziv-Konferencija-2026-238x300.png 238w, https:\/\/www.dzcg.me\/wp-content\/uploads\/2025\/11\/I-poziv-Konferencija-2026.png 604w\" sizes=\"auto, (max-width: 238px) 100vw, 238px\" \/><\/figure>\n\n\n\n<p>Sa posebnim zadovoljstvom pozivamo Vas da uzmete u\u010de\u0161\u0107e na 1. Konferenciji sa me\u0111unarodnim u\u010de\u0161\u0107em \u201d<strong>Konferencija o Tehnologijama Spajanja Materijala, CG2026<\/strong>\u201d koje \u0107e se odr\u017eati od 14-16. maja 2026. godine u Hotelu Mediteran, Be\u010di\u0107i, Crna Gora. Konferenciju organizuje <a href=\"http:\/\/www.dzcg.me\">Dru\u0161tvo za Zavarivanje Crne Gore<\/a> sa suorganizatorom <a href=\"https:\/\/www.ucg.ac.me\/mf\">Ma\u0161inskim fakultetom iz Podgorice<\/a>. Generalni pokrovitelj Konferencije je <a href=\"https:\/\/www.ucg.ac.me\/\">Univerzitet Crne Gore<\/a>.<\/p>\n\n\n\n<p>U prilogu:<\/p>\n\n\n\n<p><a href=\"http:\/\/www.dzcg.me\/wp-content\/uploads\/2025\/11\/Template_Abstract.docx\">Template za prijavu sa\u017eetka<\/a><\/p>\n\n\n\n<p><a href=\"http:\/\/www.dzcg.me\/wp-content\/uploads\/2025\/11\/I-poziv.pdf\">Prvi poziv za Konferenciju<\/a><\/p>\n\n\n\n<p><a href=\"http:\/\/www.dzcg.me\/wp-content\/uploads\/2025\/11\/Prijavni-list.docx\">Prijavni list<\/a><\/p>\n","protected":false},"excerpt":{"rendered":"<p>Sa posebnim zadovoljstvom pozivamo Vas da uzmete u\u010de\u0161\u0107e na 1. Konferenciji sa me\u0111unarodnim u\u010de\u0161\u0107em \u201dKonferencija o Tehnologijama Spajanja Materijala, CG2026\u201d koje \u0107e se odr\u017eati od 14-16. maja 2026. godine u Hotelu Mediteran, Be\u010di\u0107i, Crna Gora. Konferenciju organizuje Dru\u0161tvo za Zavarivanje Crne Gore sa suorganizatorom Ma\u0161inskim fakultetom iz Podgorice. Generalni pokrovitelj Konferencije je Univerzitet Crne Gore. &hellip; <\/p>\n<p class=\"link-more\"><a href=\"https:\/\/www.dzcg.me\/index.php\/konferencija-i-radovi\/\" class=\"more-link\">Read more<span class=\"screen-reader-text\"> &#8220;Konferencija i radovi&#8221;<\/span><\/a><\/p>\n","protected":false},"author":1,"featured_media":0,"parent":0,"menu_order":0,"comment_status":"closed","ping_status":"closed","template":"","meta":{"footnotes":""},"class_list":["post-194","page","type-page","status-publish","hentry"],"_links":{"self":[{"href":"https:\/\/www.dzcg.me\/index.php\/wp-json\/wp\/v2\/pages\/194","targetHints":{"allow":["GET"]}}],"collection":[{"href":"https:\/\/www.dzcg.me\/index.php\/wp-json\/wp\/v2\/pages"}],"about":[{"href":"https:\/\/www.dzcg.me\/index.php\/wp-json\/wp\/v2\/types\/page"}],"author":[{"embeddable":true,"href":"https:\/\/www.dzcg.me\/index.php\/wp-json\/wp\/v2\/users\/1"}],"replies":[{"embeddable":true,"href":"https:\/\/www.dzcg.me\/index.php\/wp-json\/wp\/v2\/comments?post=194"}],"version-history":[{"count":4,"href":"https:\/\/www.dzcg.me\/index.php\/wp-json\/wp\/v2\/pages\/194\/revisions"}],"predecessor-version":[{"id":304,"href":"https:\/\/www.dzcg.me\/index.php\/wp-json\/wp\/v2\/pages\/194\/revisions\/304"}],"wp:attachment":[{"href":"https:\/\/www.dzcg.me\/index.php\/wp-json\/wp\/v2\/media?parent=194"}],"curies":[{"name":"wp","href":"https:\/\/api.w.org\/{rel}","templated":true}]}}