{"id":46,"date":"2025-11-21T20:00:57","date_gmt":"2025-11-21T20:00:57","guid":{"rendered":"https:\/\/www.dzcg.me\/?page_id=46"},"modified":"2025-11-23T16:32:39","modified_gmt":"2025-11-23T16:32:39","slug":"literatura","status":"publish","type":"page","link":"https:\/\/www.dzcg.me\/index.php\/literatura\/","title":{"rendered":"Literatura"},"content":{"rendered":"\n<p>Izbor doma\u0107e stru\u010dne literature:<\/p>\n\n\n\n<p>1. Baji\u0107 Darko (2024) Ma\u0161inski materijali (II dio), Univerzitet Crne Gore, Podgorica<br>2. Baji\u0107 Darko (2014) Postupci zavarivanja, Ma\u0161inski fakultet, Univerzitet Crne Gore, Podgorica<\/p>\n\n\n\n<figure class=\"wp-block-image size-medium has-custom-border\"><img loading=\"lazy\" decoding=\"async\" width=\"207\" height=\"300\" src=\"https:\/\/www.dzcg.me\/wp-content\/uploads\/2025\/11\/Knjiga-Postupci_zavarivanja-207x300.jpg\" alt=\"\" class=\"wp-image-128\" style=\"border-width:1px;border-radius:10px\" srcset=\"https:\/\/www.dzcg.me\/wp-content\/uploads\/2025\/11\/Knjiga-Postupci_zavarivanja-207x300.jpg 207w, https:\/\/www.dzcg.me\/wp-content\/uploads\/2025\/11\/Knjiga-Postupci_zavarivanja-707x1024.jpg 707w, https:\/\/www.dzcg.me\/wp-content\/uploads\/2025\/11\/Knjiga-Postupci_zavarivanja.jpg 722w\" sizes=\"auto, (max-width: 207px) 100vw, 207px\" \/><\/figure>\n\n\n\n<p><br>3. Baji\u0107 Darko (2011, 2017) Posude pod pritiskom i cjevovodi, Ma\u0161inski fakultet, Univerzitet Crne Gore, Podgorica<\/p>\n\n\n\n<figure class=\"wp-block-image size-medium has-custom-border\"><img loading=\"lazy\" decoding=\"async\" width=\"203\" height=\"300\" src=\"https:\/\/www.dzcg.me\/wp-content\/uploads\/2025\/11\/Knjiga-Posude_pod_pritiskom-203x300.jpg\" alt=\"\" class=\"wp-image-129\" style=\"border-width:1px;border-radius:10px;object-fit:cover\" srcset=\"https:\/\/www.dzcg.me\/wp-content\/uploads\/2025\/11\/Knjiga-Posude_pod_pritiskom-203x300.jpg 203w, https:\/\/www.dzcg.me\/wp-content\/uploads\/2025\/11\/Knjiga-Posude_pod_pritiskom-691x1024.jpg 691w, https:\/\/www.dzcg.me\/wp-content\/uploads\/2025\/11\/Knjiga-Posude_pod_pritiskom.jpg 752w\" sizes=\"auto, (max-width: 203px) 100vw, 203px\" \/><\/figure>\n\n\n\n<p>4. Perovi\u0107 Zoran (2002) Zavarene konstrukcije, Ma\u0161inski fakultet u Podgorici, Univerzitet Crne Gore<\/p>\n\n\n\n<figure class=\"wp-block-image size-medium has-custom-border\"><img loading=\"lazy\" decoding=\"async\" width=\"208\" height=\"300\" src=\"https:\/\/www.dzcg.me\/wp-content\/uploads\/2025\/11\/Knjiga-Zavarene_konstrukcije-208x300.jpg\" alt=\"\" class=\"wp-image-132\" style=\"border-width:1px;border-radius:10px;object-fit:cover\" srcset=\"https:\/\/www.dzcg.me\/wp-content\/uploads\/2025\/11\/Knjiga-Zavarene_konstrukcije-208x300.jpg 208w, https:\/\/www.dzcg.me\/wp-content\/uploads\/2025\/11\/Knjiga-Zavarene_konstrukcije-709x1024.jpg 709w, https:\/\/www.dzcg.me\/wp-content\/uploads\/2025\/11\/Knjiga-Zavarene_konstrukcije.jpg 771w\" sizes=\"auto, (max-width: 208px) 100vw, 208px\" \/><\/figure>\n\n\n\n<p>5. Perovi\u0107 Zoran (2006) Zamor ma\u0161inskih djelova i konstrukcija, Ma\u0161inski fakultet u Podgorici, Univerzitet Crne Gore<\/p>\n\n\n\n<figure class=\"wp-block-image size-medium has-custom-border\"><img loading=\"lazy\" decoding=\"async\" width=\"214\" height=\"300\" src=\"https:\/\/www.dzcg.me\/wp-content\/uploads\/2025\/11\/Knjiga-zamor_masinskih_konstrukcija-214x300.jpg\" alt=\"\" class=\"wp-image-131\" style=\"border-width:1px;border-radius:10px\" srcset=\"https:\/\/www.dzcg.me\/wp-content\/uploads\/2025\/11\/Knjiga-zamor_masinskih_konstrukcija-214x300.jpg 214w, https:\/\/www.dzcg.me\/wp-content\/uploads\/2025\/11\/Knjiga-zamor_masinskih_konstrukcija-730x1024.jpg 730w, https:\/\/www.dzcg.me\/wp-content\/uploads\/2025\/11\/Knjiga-zamor_masinskih_konstrukcija.jpg 875w\" sizes=\"auto, (max-width: 214px) 100vw, 214px\" \/><\/figure>\n\n\n\n<p>6. Baji\u0107 Bogoljub, Baji\u0107 Darko (2005) Priru\u010dnik &#8211; Su\u0161tina i tehnika postupaka elektrolu\u010dnog zavarivanja topljenjem metala i njihovih legura, VARSTROJd.d. Lendava, MONTAVAR metalna nova d.o.o. Maribor, BAJI\u0106-GBB o.d. Podgorica<\/p>\n\n\n\n<figure class=\"wp-block-image size-medium has-custom-border\"><img loading=\"lazy\" decoding=\"async\" width=\"205\" height=\"300\" src=\"https:\/\/www.dzcg.me\/wp-content\/uploads\/2025\/11\/Knjiga-Prirucnik-205x300.jpg\" alt=\"\" class=\"wp-image-130\" style=\"border-width:1px;border-radius:10px\" srcset=\"https:\/\/www.dzcg.me\/wp-content\/uploads\/2025\/11\/Knjiga-Prirucnik-205x300.jpg 205w, https:\/\/www.dzcg.me\/wp-content\/uploads\/2025\/11\/Knjiga-Prirucnik-699x1024.jpg 699w, https:\/\/www.dzcg.me\/wp-content\/uploads\/2025\/11\/Knjiga-Prirucnik.jpg 734w\" sizes=\"auto, (max-width: 205px) 100vw, 205px\" \/><\/figure>\n","protected":false},"excerpt":{"rendered":"<p>Izbor doma\u0107e stru\u010dne literature: 1. Baji\u0107 Darko (2024) Ma\u0161inski materijali (II dio), Univerzitet Crne Gore, Podgorica2. Baji\u0107 Darko (2014) Postupci zavarivanja, Ma\u0161inski fakultet, Univerzitet Crne Gore, Podgorica 3. Baji\u0107 Darko (2011, 2017) Posude pod pritiskom i cjevovodi, Ma\u0161inski fakultet, Univerzitet Crne Gore, Podgorica 4. Perovi\u0107 Zoran (2002) Zavarene konstrukcije, Ma\u0161inski fakultet u Podgorici, Univerzitet Crne &hellip; <\/p>\n<p class=\"link-more\"><a href=\"https:\/\/www.dzcg.me\/index.php\/literatura\/\" class=\"more-link\">Read more<span class=\"screen-reader-text\"> &#8220;Literatura&#8221;<\/span><\/a><\/p>\n","protected":false},"author":1,"featured_media":0,"parent":0,"menu_order":0,"comment_status":"closed","ping_status":"closed","template":"","meta":{"footnotes":""},"class_list":["post-46","page","type-page","status-publish","hentry"],"_links":{"self":[{"href":"https:\/\/www.dzcg.me\/index.php\/wp-json\/wp\/v2\/pages\/46","targetHints":{"allow":["GET"]}}],"collection":[{"href":"https:\/\/www.dzcg.me\/index.php\/wp-json\/wp\/v2\/pages"}],"about":[{"href":"https:\/\/www.dzcg.me\/index.php\/wp-json\/wp\/v2\/types\/page"}],"author":[{"embeddable":true,"href":"https:\/\/www.dzcg.me\/index.php\/wp-json\/wp\/v2\/users\/1"}],"replies":[{"embeddable":true,"href":"https:\/\/www.dzcg.me\/index.php\/wp-json\/wp\/v2\/comments?post=46"}],"version-history":[{"count":7,"href":"https:\/\/www.dzcg.me\/index.php\/wp-json\/wp\/v2\/pages\/46\/revisions"}],"predecessor-version":[{"id":139,"href":"https:\/\/www.dzcg.me\/index.php\/wp-json\/wp\/v2\/pages\/46\/revisions\/139"}],"wp:attachment":[{"href":"https:\/\/www.dzcg.me\/index.php\/wp-json\/wp\/v2\/media?parent=46"}],"curies":[{"name":"wp","href":"https:\/\/api.w.org\/{rel}","templated":true}]}}